{"id":8745,"date":"2026-03-09T11:28:46","date_gmt":"2026-03-09T11:28:46","guid":{"rendered":"https:\/\/athleticgrass.net\/?page_id=8745"},"modified":"2026-03-09T11:45:05","modified_gmt":"2026-03-09T11:45:05","slug":"offer-form-disclosure-text","status":"publish","type":"page","link":"https:\/\/athleticgrass.net\/en\/offer-form-disclosure-text\/","title":{"rendered":"OFFER FORM DISCLOSURE TEXT"},"content":{"rendered":"<div class=\"page_header page_header_plain \">\n<div class=\"tmnf_container\">\n<div class=\"tmnf_column tmnf_column_12\">\n<div class=\"tmnf_post_head\">\n<h1 class=\"post_title medium_title\">OFFER FORM DISCLOSURE TEXT<\/h1>\n<\/div>\n<\/div>\n<\/div>\n<\/div>\n<div id=\"tmnf_single_core\" class=\"post-7880 page type-page status-publish hentry\">\n<div class=\"tmnf_container\">\n<div id=\"content_start\" class=\"tmnf_anchor\"><\/div>\n<div id=\"content\" class=\"tmnf_column tmnf_content\">\n<div class=\"single_post_inn tmnf_border post-7880 page type-page status-publish hentry\">\n<div class=\"tmnf_entry\">\n<p><strong>OFFER FORM DISCLOSURE TEXT<\/strong><\/p>\n<p>This Personal Data Clarification Text has been prepared in accordance with Article 10 of the Personal Data Protection Law No. 6698 (\u201cKVKK\u201d or \u201cLaw\u201d) in order to inform you about the collection, processing and transfer of your personal data and your rights under the KVKK.<\/p>\n<p>As NURTEKS CARPET INDUSTRY AND TRADE ANON\u0130M \u015e\u0130RKET\u0130 (\u201cCompany\u201d or \u201cwe\u201d), as the data controller, we process your personal data in accordance with the KVKK and the relevant legislation within the scope described below.<\/p>\n<ol>\n<li><strong>PERSONAL DATA WE PROCESS<\/strong><\/li>\n<\/ol>\n<table width=\"103%\">\n<tbody>\n<tr>\n<td width=\"144\"><strong>Identity Information<\/strong><\/td>\n<td width=\"480\">Name and surname<\/td>\n<\/tr>\n<tr>\n<td width=\"144\"><strong>Contact Information<\/strong><\/td>\n<td width=\"480\">Your cell phone number, e-mail address<\/td>\n<\/tr>\n<tr>\n<td width=\"144\"><strong>Customer Transaction Information<\/strong><\/td>\n<td width=\"480\">Information on the product subject to the offer, information on which country you contacted, if the offer stage is started; the offer amount and offer stage information (whether you accepted the offer or not), the amount of the offer transmitted by the Company<\/td>\n<\/tr>\n<tr>\n<td width=\"144\"><strong>Transaction Security Information<\/strong><\/td>\n<td width=\"480\">The time of sending the form, whether you have read the texts we have prepared within the scope of KVKK or whether you have given your consent in cases where consent is required, transaction security information including your device\u2019s ip information<\/td>\n<\/tr>\n<\/tbody>\n<\/table>\n<p>&nbsp;<\/p>\n<ol start=\"2\">\n<li><strong>METHODS OF PROCESSING YOUR PERSONAL DATA<\/strong><\/li>\n<\/ol>\n<p>Your personal data is obtained by automated methods if you fill out the offer forms on\u00a0<a href=\"https:\/\/www.revolution.nurteks.com.tr\/\">https:\/\/www.revolution.nurteks.com.tr\/,<\/a>\u00a0<a href=\"https:\/\/carpetforhotels.net\/\">https:\/\/carpetforhotels.net\/<\/a>.<\/p>\n<ol start=\"3\">\n<li><strong>PURPOSES and LEGAL REASONS FOR PROCESSING YOUR PERSONAL DATA<\/strong><\/li>\n<\/ol>\n<p>We process your personal data based on the legal grounds specified in Article 5 of the LPPD. Our purposes for processing your personal data and the legal grounds we rely on are given below:<\/p>\n<table width=\"104%\">\n<tbody>\n<tr>\n<td width=\"179\"><strong>Your Personal Data Processed in the Process<\/strong><\/td>\n<td width=\"274\"><strong>Purpose of Processing Personal Data<\/strong><\/td>\n<td width=\"180\"><strong>Legal grounds relied upon<\/strong><\/td>\n<\/tr>\n<tr>\n<td width=\"179\">Identity Information, Contact Information, Customer Transaction Information, Transaction Security Information<\/td>\n<td width=\"274\">Execution of communication activities, execution of customer relationship management processes, execution of activities for customer satisfaction<\/td>\n<td width=\"180\">Article 5\/2(f) of the Law: Legitimate interest of the company<\/td>\n<\/tr>\n<\/tbody>\n<\/table>\n<p>&nbsp;<\/p>\n<ol start=\"4\">\n<li><strong>TRANSFER OF YOUR PERSONAL DATA TO THIRD PARTIES<\/strong><\/li>\n<\/ol>\n<p>In accordance with Article 8 of the KVKK, your personal data is transferred to third parties in a purpose-related, limited and measured manner in the following cases:<\/p>\n<table>\n<tbody>\n<tr>\n<td width=\"133\"><strong>Your Transferred Personal Data<\/strong><\/td>\n<td width=\"175\"><strong>Purpose of Transfer<\/strong><\/td>\n<td width=\"151\"><strong>Buyer Group<\/strong><\/td>\n<td width=\"144\"><strong>Legal grounds relied upon<\/strong><\/td>\n<\/tr>\n<tr>\n<td width=\"133\">Identity Information, Contact Information, Customer Transaction Information<\/td>\n<td width=\"175\">Fulfilling our legal obligations, providing information to authorized persons, institutions or organizations in this context, conducting legal processes and carrying out our activities in accordance with the legislation.<\/td>\n<td width=\"151\">Authorized persons, institutions or organizations<\/td>\n<td width=\"144\">Processing of personal data in order to fulfill our legal obligations (Art. 5\/2-\u00e7 of KVKK)<\/td>\n<\/tr>\n<tr>\n<td width=\"133\">Identity Information, Contact Information, Customer Transaction Information, Transaction Security Information<\/td>\n<td width=\"175\">Receiving support from our suppliers, including those providing infrastructure and IT services, in relation to the products and services we offer<\/td>\n<td width=\"151\">Websites are developed with our infrastructure providers<\/td>\n<td width=\"144\">Processing of personal data is mandatory for our legitimate interests (Art. 5\/2-f of KVKK)<\/td>\n<\/tr>\n<\/tbody>\n<\/table>\n<p>&nbsp;<\/p>\n<ol start=\"5\">\n<li><strong>TRANSFER OF YOUR PERSONAL DATA ABROAD<\/strong><\/li>\n<\/ol>\n<p>If the server of your e-mail address is located abroad, personal data will be transferred abroad. If you do not consent to the transfer of personal data abroad, please make sure that the servers of your e-mail address are located in Turkey.<\/p>\n<p>Your personal data will be shared with our service provider, whose servers are located abroad, limited to the reasons of from which source the leads come from; determination of those who turn into sales from the leads and making reports specific to these determinations; management of offers and orders.<\/p>\n<ol start=\"6\">\n<li><strong>YOUR RIGHTS REGARDING YOUR PERSONAL DATA<\/strong><\/li>\n<\/ol>\n<p>Pursuant to the provisions of Article 11 of the Law, you have the following rights in relation to your personal data.<\/p>\n<ul>\n<li>Learn whether personal data is being processed,<\/li>\n<li>If personal data has been processed; to request information regarding this,<\/li>\n<li>To learn the purpose of processing personal data and whether they are used for their intended purpose,<\/li>\n<li>To know the third parties to whom personal data are transferred domestically or abroad,<\/li>\n<li>To request correction of personal data in case of incomplete or incorrect processing,<\/li>\n<li>Request deletion or destruction of personal data,<\/li>\n<li>In case of correction, deletion or destruction of personal data, to request notification of these transactions to third parties to whom personal data are transferred,<\/li>\n<li>To object to the occurrence of a result to the detriment of the data subject by analyzing the processed personal data exclusively through automated systems,<\/li>\n<li>In case of damage due to unlawful processing of personal data, to demand compensation for the damage.<\/li>\n<\/ul>\n<p>&nbsp;<\/p>\n<ol start=\"7\">\n<li><strong>CONTACT US<\/strong><\/li>\n<\/ol>\n<p>You can submit your questions about your personal data and your rights and requests under Article 11 of the KVKK by the following methods.<\/p>\n<table>\n<tbody>\n<tr>\n<td width=\"303\"><strong>Application Method<\/strong><\/td>\n<td width=\"301\"><strong>Application Address<\/strong><\/td>\n<\/tr>\n<tr>\n<td width=\"303\">Written Application in Person<\/td>\n<td width=\"301\">Atat\u00fcrk Cad.No.12 B2 Blok K.4 179-180-181-182-183 Door Bak\u0131rk\u00f6y\/\u0130stanbul<\/td>\n<\/tr>\n<tr>\n<td width=\"303\">Notary<\/td>\n<td width=\"301\">Atat\u00fcrk Cad.No.12 B2 Blok K.4 179-180-181-182-183 Door Bak\u0131rk\u00f6y\/\u0130stanbul<\/td>\n<\/tr>\n<tr>\n<td width=\"303\">From your e-mail address previously notified to our Company and registered in our system<\/td>\n<td width=\"301\">kvkk@nurteks.com.tr<\/td>\n<\/tr>\n<\/tbody>\n<\/table>\n<p>&nbsp;<\/p>\n<p><strong>Information on the Company<\/strong><\/p>\n<p><strong>Title<\/strong><br \/>\nNURTEKS CARPET INDUSTRY AND TRADE ANON\u0130M \u015e\u0130RKET\u0130<\/p>\n<p><strong>Mersis No<\/strong><br \/>\n0632004668500011<\/p>\n<p><strong>Tax Office \/ No<\/strong><br \/>\nMARMARA CORPORATIONS TAX OFFICE \/ 6320046685<\/p>\n<\/div>\n<\/div>\n<\/div>\n<\/div>\n<\/div>\n","protected":false},"excerpt":{"rendered":"<div class=\"tmnf_excerpt\"><p>OFFER FORM DISCLOSURE TEXT OFFER FORM DISCLOSURE TEXT This Personal Data Clarification Text has been prepared in accordance with Article 10 of the Personal Data Protection Law No. 6698 (\u201cKVKK\u201d or \u201cLaw\u201d) in order to inform you about the collection, processing and transfer of your personal data and your rights under the KVKK. As NURTEKS &hellip;<\/p>\n<\/div>","protected":false},"author":1,"featured_media":0,"parent":0,"menu_order":0,"comment_status":"closed","ping_status":"closed","template":"","meta":{"footnotes":""},"class_list":["post-8745","page","type-page","status-publish","hentry"],"_links":{"self":[{"href":"https:\/\/athleticgrass.net\/en\/wp-json\/wp\/v2\/pages\/8745","targetHints":{"allow":["GET"]}}],"collection":[{"href":"https:\/\/athleticgrass.net\/en\/wp-json\/wp\/v2\/pages"}],"about":[{"href":"https:\/\/athleticgrass.net\/en\/wp-json\/wp\/v2\/types\/page"}],"author":[{"embeddable":true,"href":"https:\/\/athleticgrass.net\/en\/wp-json\/wp\/v2\/users\/1"}],"replies":[{"embeddable":true,"href":"https:\/\/athleticgrass.net\/en\/wp-json\/wp\/v2\/comments?post=8745"}],"version-history":[{"count":2,"href":"https:\/\/athleticgrass.net\/en\/wp-json\/wp\/v2\/pages\/8745\/revisions"}],"predecessor-version":[{"id":8749,"href":"https:\/\/athleticgrass.net\/en\/wp-json\/wp\/v2\/pages\/8745\/revisions\/8749"}],"wp:attachment":[{"href":"https:\/\/athleticgrass.net\/en\/wp-json\/wp\/v2\/media?parent=8745"}],"curies":[{"name":"wp","href":"https:\/\/api.w.org\/{rel}","templated":true}]}}